{"id":89,"date":"2024-01-02T17:59:24","date_gmt":"2024-01-02T17:59:24","guid":{"rendered":"http:\/\/vigotoner.test\/?page_id=89"},"modified":"2024-02-14T09:37:23","modified_gmt":"2024-02-14T09:37:23","slug":"sobre-vigotoner","status":"publish","type":"page","link":"https:\/\/vigotoner.es\/?page_id=89","title":{"rendered":"Sobre vigotoner"},"content":{"rendered":"\t\t<div data-elementor-type=\"wp-page\" data-elementor-id=\"89\" class=\"elementor elementor-89\">\n\t\t\t\t\t\t\t<div class=\"elementor-element elementor-element-9605f7f e-flex e-con-boxed wpr-particle-no wpr-jarallax-no wpr-parallax-no wpr-sticky-section-no e-con e-parent\" data-id=\"9605f7f\" data-element_type=\"container\" data-settings=\"{&quot;content_width&quot;:&quot;boxed&quot;}\" data-core-v316-plus=\"true\">\n\t\t\t\t\t<div class=\"e-con-inner\">\n\t\t\t\t<div class=\"elementor-element elementor-element-ac8fff7 elementor-widget elementor-widget-heading\" data-id=\"ac8fff7\" data-element_type=\"widget\" data-widget_type=\"heading.default\">\n\t\t\t\t<div class=\"elementor-widget-container\">\n\t\t\t<style>\/*! elementor - v3.18.0 - 20-12-2023 *\/\n.elementor-heading-title{padding:0;margin:0;line-height:1}.elementor-widget-heading .elementor-heading-title[class*=elementor-size-]>a{color:inherit;font-size:inherit;line-height:inherit}.elementor-widget-heading .elementor-heading-title.elementor-size-small{font-size:15px}.elementor-widget-heading .elementor-heading-title.elementor-size-medium{font-size:19px}.elementor-widget-heading .elementor-heading-title.elementor-size-large{font-size:29px}.elementor-widget-heading .elementor-heading-title.elementor-size-xl{font-size:39px}.elementor-widget-heading .elementor-heading-title.elementor-size-xxl{font-size:59px}<\/style><h2 class=\"elementor-heading-title elementor-size-default\">Sobre Nosotros<\/h2>\t\t<\/div>\n\t\t\t\t<\/div>\n\t\t\t\t<div class=\"elementor-element elementor-element-86e7bc7 elementor-widget elementor-widget-text-editor\" data-id=\"86e7bc7\" data-element_type=\"widget\" data-widget_type=\"text-editor.default\">\n\t\t\t\t<div class=\"elementor-widget-container\">\n\t\t\t<style>\/*! elementor - v3.18.0 - 20-12-2023 *\/\n.elementor-widget-text-editor.elementor-drop-cap-view-stacked .elementor-drop-cap{background-color:#69727d;color:#fff}.elementor-widget-text-editor.elementor-drop-cap-view-framed .elementor-drop-cap{color:#69727d;border:3px solid;background-color:transparent}.elementor-widget-text-editor:not(.elementor-drop-cap-view-default) .elementor-drop-cap{margin-top:8px}.elementor-widget-text-editor:not(.elementor-drop-cap-view-default) .elementor-drop-cap-letter{width:1em;height:1em}.elementor-widget-text-editor .elementor-drop-cap{float:left;text-align:center;line-height:1;font-size:50px}.elementor-widget-text-editor .elementor-drop-cap-letter{display:inline-block}<\/style>\t\t\t\t<p>Nuestra actividad principal consiste en la retirada y transporte de residuos no peligrosos, derivados de los sistemas de impresi\u00f3n convencionales. Es decir: cartuchos de t\u00f3ner y tinta ya utilizados, para impresoras, faxes y copiadoras.<\/p><p>Disponemos de las autorizaciones de la Xunta de Galicia (PO-I-NP-AR-00043 y PO-I-NP-TP-00780), que nos capacita para emitirle el certificado con el cual podr\u00e1 justificar que su empresa gestiona de forma correcta estos residuos.<\/p>\t\t\t\t\t\t<\/div>\n\t\t\t\t<\/div>\n\t\t\t\t<div class=\"elementor-element elementor-element-ceba05e elementor-widget elementor-widget-heading\" data-id=\"ceba05e\" data-element_type=\"widget\" data-widget_type=\"heading.default\">\n\t\t\t\t<div class=\"elementor-widget-container\">\n\t\t\t<h2 class=\"elementor-heading-title elementor-size-default\">Nuestro proceso<\/h2>\t\t<\/div>\n\t\t\t\t<\/div>\n\t\t\t\t<div class=\"elementor-element elementor-element-8e17cc5 elementor-widget elementor-widget-heading\" data-id=\"8e17cc5\" data-element_type=\"widget\" data-widget_type=\"heading.default\">\n\t\t\t\t<div class=\"elementor-widget-container\">\n\t\t\t<h4 class=\"elementor-heading-title elementor-size-default\">Nos ocupamos de todo para que usted no tenga que preocuparse por nada\n<\/h4>\t\t<\/div>\n\t\t\t\t<\/div>\n\t\t\t\t<div class=\"elementor-element elementor-element-1bcd186 elementor-widget elementor-widget-text-editor\" data-id=\"1bcd186\" data-element_type=\"widget\" data-widget_type=\"text-editor.default\">\n\t\t\t\t<div class=\"elementor-widget-container\">\n\t\t\t\t\t\t\t<div class=\"col medium-1\/2 large-6\"><div class=\"col-inner\"><div class=\"col medium-1\/2 large-6\"><div class=\"col-inner\"><div class=\"col medium-1\/1 large-12\"><div class=\"col-inner\">Nuestro proceso de gesti\u00f3n\u00a0de residuos de impresi\u00f3n es r\u00e1pido, sencilo y c\u00f3modo para su empresa.<\/div><\/div><div class=\"col medium-1\/4 large-3\"><div class=\"col-inner\"><div class=\"icon-box featured-box icon-box-center text-center\"><div class=\"icon-box-img\"><div class=\"icon\">\u00a0<\/div><\/div><\/div><\/div><\/div><\/div><\/div><\/div><\/div>\t\t\t\t\t\t<\/div>\n\t\t\t\t<\/div>\n\t\t\t\t\t<\/div>\n\t\t\t\t<\/div>\n\t\t<div class=\"elementor-element elementor-element-10f8ade e-flex e-con-boxed wpr-particle-no wpr-jarallax-no wpr-parallax-no wpr-sticky-section-no e-con e-parent\" data-id=\"10f8ade\" data-element_type=\"container\" data-settings=\"{&quot;content_width&quot;:&quot;boxed&quot;}\" data-core-v316-plus=\"true\">\n\t\t\t\t\t<div class=\"e-con-inner\">\n\t\t<div class=\"elementor-element elementor-element-484d244 e-con-full e-flex wpr-particle-no wpr-jarallax-no wpr-parallax-no wpr-sticky-section-no e-con e-child\" data-id=\"484d244\" data-element_type=\"container\" data-settings=\"{&quot;content_width&quot;:&quot;full&quot;}\">\n\t\t\t\t<div class=\"elementor-element elementor-element-1bf6223 elementor-widget elementor-widget-image\" data-id=\"1bf6223\" data-element_type=\"widget\" data-widget_type=\"image.default\">\n\t\t\t\t<div class=\"elementor-widget-container\">\n\t\t\t<style>\/*! elementor - v3.18.0 - 20-12-2023 *\/\n.elementor-widget-image{text-align:center}.elementor-widget-image a{display:inline-block}.elementor-widget-image a img[src$=\".svg\"]{width:48px}.elementor-widget-image img{vertical-align:middle;display:inline-block}<\/style>\t\t\t\t\t\t\t\t\t\t\t\t<img fetchpriority=\"high\" decoding=\"async\" width=\"241\" height=\"241\" src=\"https:\/\/vigotoner.es\/wp-content\/uploads\/2024\/01\/Servicio01.png\" class=\"attachment-large size-large wp-image-59\" alt=\"\" srcset=\"https:\/\/vigotoner.es\/wp-content\/uploads\/2024\/01\/Servicio01.png 241w, https:\/\/vigotoner.es\/wp-content\/uploads\/2024\/01\/Servicio01-150x150.png 150w\" sizes=\"(max-width: 241px) 100vw, 241px\" \/>\t\t\t\t\t\t\t\t\t\t\t\t\t\t\t<\/div>\n\t\t\t\t<\/div>\n\t\t\t\t<div class=\"elementor-element elementor-element-855cc86 elementor-widget elementor-widget-text-editor\" data-id=\"855cc86\" data-element_type=\"widget\" data-widget_type=\"text-editor.default\">\n\t\t\t\t<div class=\"elementor-widget-container\">\n\t\t\t\t\t\t\t<h5 class=\"uppercase\"><strong>Instalamos nuestro contenedor<\/strong><\/h5><div class=\"col medium-1\/4 large-3\"><div class=\"col-inner\"><div class=\"icon-box featured-box icon-box-center text-center\"><div class=\"icon-box-text last-reset\">Llevamos a su\u00a0empresa nuestro ecoembalaje, para que pueda mantener seguros y ordenados sus\u00a0residuos de impresi\u00f3n.<\/div><\/div><\/div><\/div><div class=\"col medium-1\/4 large-3\"><div class=\"col-inner\"><div class=\"icon-box featured-box icon-box-center text-center\"><div class=\"icon-box-img\"><div class=\"icon\">\u00a0<\/div><\/div><\/div><\/div><\/div>\t\t\t\t\t\t<\/div>\n\t\t\t\t<\/div>\n\t\t\t\t<\/div>\n\t\t<div class=\"elementor-element elementor-element-60d9c24 e-con-full e-flex wpr-particle-no wpr-jarallax-no wpr-parallax-no wpr-sticky-section-no e-con e-child\" data-id=\"60d9c24\" data-element_type=\"container\" data-settings=\"{&quot;content_width&quot;:&quot;full&quot;}\">\n\t\t\t\t<div class=\"elementor-element elementor-element-2da6cac elementor-widget elementor-widget-image\" data-id=\"2da6cac\" data-element_type=\"widget\" data-widget_type=\"image.default\">\n\t\t\t\t<div class=\"elementor-widget-container\">\n\t\t\t\t\t\t\t\t\t\t\t\t\t\t\t<img decoding=\"async\" width=\"241\" height=\"241\" src=\"https:\/\/vigotoner.es\/wp-content\/uploads\/2024\/01\/Servicios02.png\" class=\"attachment-large size-large wp-image-58\" alt=\"\" srcset=\"https:\/\/vigotoner.es\/wp-content\/uploads\/2024\/01\/Servicios02.png 241w, https:\/\/vigotoner.es\/wp-content\/uploads\/2024\/01\/Servicios02-150x150.png 150w\" sizes=\"(max-width: 241px) 100vw, 241px\" \/>\t\t\t\t\t\t\t\t\t\t\t\t\t\t\t<\/div>\n\t\t\t\t<\/div>\n\t\t\t\t<div class=\"elementor-element elementor-element-9ac5daa elementor-widget elementor-widget-text-editor\" data-id=\"9ac5daa\" data-element_type=\"widget\" data-widget_type=\"text-editor.default\">\n\t\t\t\t<div class=\"elementor-widget-container\">\n\t\t\t\t\t\t\t<h5 class=\"uppercase\"><strong>Recogemos sus cartuchos y t\u00f3ner<\/strong><\/h5><div class=\"col medium-1\/4 large-3\"><div class=\"col-inner\"><div class=\"icon-box featured-box icon-box-center text-center\"><div class=\"icon-box-text last-reset\">Tras solicitar la recogida, coordinaremos con la persona de contacto para recoger nuestro ecoembalaje y proporcionarle uno nuevo.<\/div><\/div><\/div><\/div><div class=\"col medium-1\/4 large-3\"><div class=\"col-inner\"><div class=\"icon-box featured-box icon-box-center text-center\"><div class=\"icon-box-img\"><div class=\"icon\">\u00a0<\/div><\/div><\/div><\/div><\/div>\t\t\t\t\t\t<\/div>\n\t\t\t\t<\/div>\n\t\t\t\t<\/div>\n\t\t<div class=\"elementor-element elementor-element-5826ed5 e-con-full e-flex wpr-particle-no wpr-jarallax-no wpr-parallax-no wpr-sticky-section-no e-con e-child\" data-id=\"5826ed5\" data-element_type=\"container\" data-settings=\"{&quot;content_width&quot;:&quot;full&quot;}\">\n\t\t\t\t<div class=\"elementor-element elementor-element-5dc8f6d elementor-widget elementor-widget-image\" data-id=\"5dc8f6d\" data-element_type=\"widget\" data-widget_type=\"image.default\">\n\t\t\t\t<div class=\"elementor-widget-container\">\n\t\t\t\t\t\t\t\t\t\t\t\t\t\t\t<img decoding=\"async\" width=\"241\" height=\"241\" src=\"https:\/\/vigotoner.es\/wp-content\/uploads\/2024\/01\/Servicios03.png\" class=\"attachment-large size-large wp-image-57\" alt=\"\" srcset=\"https:\/\/vigotoner.es\/wp-content\/uploads\/2024\/01\/Servicios03.png 241w, https:\/\/vigotoner.es\/wp-content\/uploads\/2024\/01\/Servicios03-150x150.png 150w\" sizes=\"(max-width: 241px) 100vw, 241px\" \/>\t\t\t\t\t\t\t\t\t\t\t\t\t\t\t<\/div>\n\t\t\t\t<\/div>\n\t\t\t\t<div class=\"elementor-element elementor-element-5136d51 elementor-widget elementor-widget-text-editor\" data-id=\"5136d51\" data-element_type=\"widget\" data-widget_type=\"text-editor.default\">\n\t\t\t\t<div class=\"elementor-widget-container\">\n\t\t\t\t\t\t\t<h5 class=\"uppercase\"><strong>Le entregamos su certificado<\/strong><\/h5><div class=\"col medium-1\/4 large-3\"><div class=\"col-inner\"><div class=\"icon-box featured-box icon-box-center text-center\"><div class=\"icon-box-text last-reset\">Tras la recogida, realizamos las gestiones para proporcionarle el certificado de gesti\u00f3n de residuos para auditor\u00edas y obtenci\u00f3n del certificado ISO 9001 \/ ISO 14001<\/div><\/div><\/div><\/div><div class=\"col medium-1\/4 large-3\"><div class=\"col-inner\"><div class=\"icon-box featured-box icon-box-center text-center\"><div class=\"icon-box-img\"><div class=\"icon\">\u00a0<\/div><\/div><\/div><\/div><\/div>\t\t\t\t\t\t<\/div>\n\t\t\t\t<\/div>\n\t\t\t\t<\/div>\n\t\t<div class=\"elementor-element elementor-element-80ff886 e-con-full e-flex wpr-particle-no wpr-jarallax-no wpr-parallax-no wpr-sticky-section-no e-con e-child\" data-id=\"80ff886\" data-element_type=\"container\" data-settings=\"{&quot;content_width&quot;:&quot;full&quot;}\">\n\t\t\t\t<div class=\"elementor-element elementor-element-fb0b832 elementor-widget elementor-widget-image\" data-id=\"fb0b832\" data-element_type=\"widget\" data-widget_type=\"image.default\">\n\t\t\t\t<div class=\"elementor-widget-container\">\n\t\t\t\t\t\t\t\t\t\t\t\t\t\t\t<img loading=\"lazy\" decoding=\"async\" width=\"241\" height=\"241\" src=\"https:\/\/vigotoner.es\/wp-content\/uploads\/2024\/01\/Servicio04.png\" class=\"attachment-large size-large wp-image-56\" alt=\"\" srcset=\"https:\/\/vigotoner.es\/wp-content\/uploads\/2024\/01\/Servicio04.png 241w, https:\/\/vigotoner.es\/wp-content\/uploads\/2024\/01\/Servicio04-150x150.png 150w\" sizes=\"(max-width: 241px) 100vw, 241px\" \/>\t\t\t\t\t\t\t\t\t\t\t\t\t\t\t<\/div>\n\t\t\t\t<\/div>\n\t\t\t\t<div class=\"elementor-element elementor-element-9b1018f elementor-widget elementor-widget-text-editor\" data-id=\"9b1018f\" data-element_type=\"widget\" data-widget_type=\"text-editor.default\">\n\t\t\t\t<div class=\"elementor-widget-container\">\n\t\t\t\t\t\t\t<h5 class=\"uppercase\"><strong>Nosotros nos ocupamos de todo<\/strong><\/h5><div class=\"col medium-1\/4 large-3\"><div class=\"col-inner\"><div class=\"icon-box featured-box icon-box-center text-center\"><div class=\"icon-box-text last-reset\">Nosotros nos ocupamos de los residuos de su empresa para que usted s\u00f3lo tenga que preocuparse de ella \ud83d\ude42<\/div><\/div><\/div><\/div><div class=\"col medium-1\/4 large-3\"><div class=\"col-inner\"><div class=\"icon-box featured-box icon-box-center text-center\"><div class=\"icon-box-img\"><div class=\"icon\">\u00a0<\/div><\/div><\/div><\/div><\/div>\t\t\t\t\t\t<\/div>\n\t\t\t\t<\/div>\n\t\t\t\t<\/div>\n\t\t\t\t\t<\/div>\n\t\t\t\t<\/div>\n\t\t<div class=\"elementor-element elementor-element-b389b8b e-flex e-con-boxed wpr-particle-no wpr-jarallax-no wpr-parallax-no wpr-sticky-section-no e-con e-parent\" data-id=\"b389b8b\" data-element_type=\"container\" data-settings=\"{&quot;content_width&quot;:&quot;boxed&quot;}\" data-core-v316-plus=\"true\">\n\t\t\t\t\t<div class=\"e-con-inner\">\n\t\t\t\t\t<\/div>\n\t\t\t\t<\/div>\n\t\t<div class=\"elementor-element elementor-element-d2dfca6 e-flex e-con-boxed wpr-particle-no wpr-jarallax-no wpr-parallax-no wpr-sticky-section-no e-con e-parent\" data-id=\"d2dfca6\" data-element_type=\"container\" data-settings=\"{&quot;content_width&quot;:&quot;boxed&quot;}\" data-core-v316-plus=\"true\">\n\t\t\t\t\t<div class=\"e-con-inner\">\n\t\t\t\t<div class=\"elementor-element elementor-element-3c5ed42 elementor-widget elementor-widget-heading\" data-id=\"3c5ed42\" data-element_type=\"widget\" data-widget_type=\"heading.default\">\n\t\t\t\t<div class=\"elementor-widget-container\">\n\t\t\t<h4 class=\"elementor-heading-title elementor-size-default\">Nos ocupamos de todo\n<\/h4>\t\t<\/div>\n\t\t\t\t<\/div>\n\t\t\t\t<div class=\"elementor-element elementor-element-4b7e5f5 elementor-widget elementor-widget-text-editor\" data-id=\"4b7e5f5\" data-element_type=\"widget\" data-widget_type=\"text-editor.default\">\n\t\t\t\t<div class=\"elementor-widget-container\">\n\t\t\t\t\t\t\t<div class=\"col medium-1\/2 large-6\"><div class=\"col-inner\"><div class=\"col medium-1\/2 large-6\"><div class=\"col-inner\"><p>Desde el proceso de recogida, transporte, verificaci\u00f3n y su posterior clasificaci\u00f3n y empaquetado para ser suministrados a empresas encargadas de su reciclado, o en su caso, la correcta destrucci\u00f3n controlada por un gestor final autorizado, lo que garantiza que este proceso se efect\u00faa con todas las garant\u00edas exigibles para reducir al m\u00e1ximo el impacto medioambiental.<\/p><\/div><\/div><\/div><\/div>\t\t\t\t\t\t<\/div>\n\t\t\t\t<\/div>\n\t\t\t\t<div class=\"elementor-element elementor-element-d6457ad elementor-widget elementor-widget-heading\" data-id=\"d6457ad\" data-element_type=\"widget\" data-widget_type=\"heading.default\">\n\t\t\t\t<div class=\"elementor-widget-container\">\n\t\t\t<h4 class=\"elementor-heading-title elementor-size-default\">Autorizaciones para la gesti\u00f3n de residuos\n<\/h4>\t\t<\/div>\n\t\t\t\t<\/div>\n\t\t\t\t<div class=\"elementor-element elementor-element-af71504 elementor-widget elementor-widget-text-editor\" data-id=\"af71504\" data-element_type=\"widget\" data-widget_type=\"text-editor.default\">\n\t\t\t\t<div class=\"elementor-widget-container\">\n\t\t\t\t\t\t\t<div><div><div><div><p>Diego Ferreira Tob\u00edo<br \/>Cami\u00f1o Quinadas 5-A\u00a0<br \/>36416, Mos (Pontevedra)<br \/>N\u00b0 Registro: PO-I-NP-AR-00043 y PO-I-NP-TP-00780<\/p><\/div><\/div><\/div><\/div>\t\t\t\t\t\t<\/div>\n\t\t\t\t<\/div>\n\t\t\t\t<div class=\"elementor-element elementor-element-6a3398e elementor-widget-divider--view-line elementor-widget elementor-widget-divider\" data-id=\"6a3398e\" data-element_type=\"widget\" data-widget_type=\"divider.default\">\n\t\t\t\t<div class=\"elementor-widget-container\">\n\t\t\t<style>\/*! elementor - v3.18.0 - 20-12-2023 *\/\n.elementor-widget-divider{--divider-border-style:none;--divider-border-width:1px;--divider-color:#0c0d0e;--divider-icon-size:20px;--divider-element-spacing:10px;--divider-pattern-height:24px;--divider-pattern-size:20px;--divider-pattern-url:none;--divider-pattern-repeat:repeat-x}.elementor-widget-divider .elementor-divider{display:flex}.elementor-widget-divider .elementor-divider__text{font-size:15px;line-height:1;max-width:95%}.elementor-widget-divider .elementor-divider__element{margin:0 var(--divider-element-spacing);flex-shrink:0}.elementor-widget-divider .elementor-icon{font-size:var(--divider-icon-size)}.elementor-widget-divider .elementor-divider-separator{display:flex;margin:0;direction:ltr}.elementor-widget-divider--view-line_icon .elementor-divider-separator,.elementor-widget-divider--view-line_text .elementor-divider-separator{align-items:center}.elementor-widget-divider--view-line_icon .elementor-divider-separator:after,.elementor-widget-divider--view-line_icon .elementor-divider-separator:before,.elementor-widget-divider--view-line_text .elementor-divider-separator:after,.elementor-widget-divider--view-line_text .elementor-divider-separator:before{display:block;content:\"\";border-bottom:0;flex-grow:1;border-top:var(--divider-border-width) var(--divider-border-style) var(--divider-color)}.elementor-widget-divider--element-align-left .elementor-divider .elementor-divider-separator>.elementor-divider__svg:first-of-type{flex-grow:0;flex-shrink:100}.elementor-widget-divider--element-align-left .elementor-divider-separator:before{content:none}.elementor-widget-divider--element-align-left .elementor-divider__element{margin-left:0}.elementor-widget-divider--element-align-right .elementor-divider .elementor-divider-separator>.elementor-divider__svg:last-of-type{flex-grow:0;flex-shrink:100}.elementor-widget-divider--element-align-right .elementor-divider-separator:after{content:none}.elementor-widget-divider--element-align-right .elementor-divider__element{margin-right:0}.elementor-widget-divider:not(.elementor-widget-divider--view-line_text):not(.elementor-widget-divider--view-line_icon) .elementor-divider-separator{border-top:var(--divider-border-width) var(--divider-border-style) var(--divider-color)}.elementor-widget-divider--separator-type-pattern{--divider-border-style:none}.elementor-widget-divider--separator-type-pattern.elementor-widget-divider--view-line .elementor-divider-separator,.elementor-widget-divider--separator-type-pattern:not(.elementor-widget-divider--view-line) .elementor-divider-separator:after,.elementor-widget-divider--separator-type-pattern:not(.elementor-widget-divider--view-line) .elementor-divider-separator:before,.elementor-widget-divider--separator-type-pattern:not([class*=elementor-widget-divider--view]) .elementor-divider-separator{width:100%;min-height:var(--divider-pattern-height);-webkit-mask-size:var(--divider-pattern-size) 100%;mask-size:var(--divider-pattern-size) 100%;-webkit-mask-repeat:var(--divider-pattern-repeat);mask-repeat:var(--divider-pattern-repeat);background-color:var(--divider-color);-webkit-mask-image:var(--divider-pattern-url);mask-image:var(--divider-pattern-url)}.elementor-widget-divider--no-spacing{--divider-pattern-size:auto}.elementor-widget-divider--bg-round{--divider-pattern-repeat:round}.rtl .elementor-widget-divider .elementor-divider__text{direction:rtl}.e-con-inner>.elementor-widget-divider,.e-con>.elementor-widget-divider{width:var(--container-widget-width,100%);--flex-grow:var(--container-widget-flex-grow)}<\/style>\t\t<div class=\"elementor-divider\">\n\t\t\t<span class=\"elementor-divider-separator\">\n\t\t\t\t\t\t<\/span>\n\t\t<\/div>\n\t\t\t\t<\/div>\n\t\t\t\t<\/div>\n\t\t\t\t\t<\/div>\n\t\t\t\t<\/div>\n\t\t\t\t\t\t\t<\/div>\n\t\t","protected":false},"excerpt":{"rendered":"<p>Sobre Nosotros Nuestra actividad principal consiste en la retirada y transporte de residuos no peligrosos, derivados de los sistemas de impresi\u00f3n convencionales. Es decir: cartuchos&hellip;<\/p>\n","protected":false},"author":1,"featured_media":0,"parent":0,"menu_order":0,"comment_status":"closed","ping_status":"closed","template":"","meta":{"footnotes":""},"class_list":["post-89","page","type-page","status-publish","hentry"],"_links":{"self":[{"href":"https:\/\/vigotoner.es\/index.php?rest_route=\/wp\/v2\/pages\/89","targetHints":{"allow":["GET"]}}],"collection":[{"href":"https:\/\/vigotoner.es\/index.php?rest_route=\/wp\/v2\/pages"}],"about":[{"href":"https:\/\/vigotoner.es\/index.php?rest_route=\/wp\/v2\/types\/page"}],"author":[{"embeddable":true,"href":"https:\/\/vigotoner.es\/index.php?rest_route=\/wp\/v2\/users\/1"}],"replies":[{"embeddable":true,"href":"https:\/\/vigotoner.es\/index.php?rest_route=%2Fwp%2Fv2%2Fcomments&post=89"}],"version-history":[{"count":11,"href":"https:\/\/vigotoner.es\/index.php?rest_route=\/wp\/v2\/pages\/89\/revisions"}],"predecessor-version":[{"id":188,"href":"https:\/\/vigotoner.es\/index.php?rest_route=\/wp\/v2\/pages\/89\/revisions\/188"}],"wp:attachment":[{"href":"https:\/\/vigotoner.es\/index.php?rest_route=%2Fwp%2Fv2%2Fmedia&parent=89"}],"curies":[{"name":"wp","href":"https:\/\/api.w.org\/{rel}","templated":true}]}}